{"id":78,"date":"2024-12-28T14:38:26","date_gmt":"2024-12-28T14:38:26","guid":{"rendered":"https:\/\/www.pnoptik.cz\/?page_id=78"},"modified":"2025-01-09T17:08:33","modified_gmt":"2025-01-09T17:08:33","slug":"o-nas","status":"publish","type":"page","link":"https:\/\/www.pnoptik.cz\/?page_id=78","title":{"rendered":"O n\u00e1s"},"content":{"rendered":"\n<p>O\u010dn\u00ed optika v p\u0159\u00edzem\u00ed Polikliniky Star\u00fd L\u00edskovec poskytuje kvalitn\u00ed slu\u017eby j\u00ed\u017e mnoho let.<\/p>\n\n\n\n<p>Osobn\u00edm a vst\u0159\u00edcn\u00fdm p\u0159\u00edstupem se v\u017edy sna\u017eila vyhov\u011bt v\u0161em z\u00e1kazn\u00edk\u016fm.<\/p>\n\n\n\n<p>Od z\u00e1\u0159\u00ed 2024 do\u0161lo ke zm\u011bn\u011b v n\u00e1zvu na\u0161\u00ed optiky. S nov\u00fdm jm\u00e9nem, ale se stejnou tv\u00e1\u0159\u00ed jsme se rozhodli pokra\u010dovat a nad\u00e1le plnit va\u0161e p\u0159\u00e1n\u00ed hned po otev\u0159en\u00ed na\u0161ich dve\u0159\u00ed.<\/p>\n\n\n\n<p>Zku\u0161en\u00fd a odborn\u00fd person\u00e1l v\u00e1m poskytne pomoc jak p\u0159i v\u00fdb\u011bru br\u00fdlov\u00fdch obrub,tak skel.<\/p>\n\n\n\n<p>T\u011b\u0161\u00edme se jak na na\u0161e st\u00e1l\u00e9 z\u00e1kazn\u00edky, tak i na ty, co k n\u00e1s p\u0159ijdou nakouknout prvn\u011b.<\/p>\n\n\n\n<p><\/p>\n\n\n\n<h3 class=\"wp-block-heading\">Prohl\u00e1\u0161en\u00ed majitele<\/h3>\n\n\n\n<p>Dobr\u00fd den.<\/p>\n\n\n\n<p>Od 1.9.2024 jsem jako dlouhodob\u00fd zam\u011bstnanec p\u0159evzal provozovnu o\u010dn\u00ed optiky na poliklinice ve Star\u00e9m L\u00edskovci,U Po\u0161ty 402,Brno 62500.<\/p>\n\n\n\n<p>Provozovna zde spolehliv\u011b poskytuje slu\u017eby v oboru ji\u017e 33 let. J\u00e1 osobn\u011b jsem ve firm\u011b pracoval 25 let.<\/p>\n\n\n\n<p>Proto jsem se rozhodl, po odchodu p\u016fvodn\u00ed majitelky, na st\u00e1vaj\u00edc\u00edm m\u00edst\u011b provozovnu zachovat.<\/p>\n\n\n\n<p>Pokra\u010dovat tak v udr\u017eov\u00e1n\u00ed slu\u017eeb klientele, kterou jsem spolu \u0159adu let budovali.<\/p>\n\n\n\n<p>Poskytovat rady p\u0159i v\u00fdb\u011bru br\u00fdlov\u00fdch obrub i vhodn\u00fdch skel.<\/p>\n\n\n\n<p>V t\u00e9to oblasti spolupracovat nad\u00e1le s firmami nap\u0159\u00edklad: Optika \u010civice, Essilor, Carl Zeiss, Okula N\u00fdrsko, Sagitta a Sover.<\/p>\n\n\n\n<p>Provozovna se nach\u00e1z\u00ed ve zdravotnick\u00e9m za\u0159\u00edzen\u00ed a obsah na\u0161eho podnik\u00e1n\u00ed tak zapad\u00e1 do kontextu poskytovan\u00fdch slu\u017eeb v budov\u011b.<\/p>\n\n\n\n<p>V\u011bnujeme se i prodeji dopl\u0148kov\u00e9ho sortimentu souvisej\u00edc\u00edho s p\u00e9\u010d\u00ed o br\u00fdle a br\u00fdlov\u00e1 skla tak i prodeji slune\u010dn\u00edch a ochrann\u00fdch br\u00fdl\u00ed.<\/p>\n\n\n\n<p>Sv\u00e9 kvalitn\u00ed slu\u017eby bychom r\u00e1di sv\u00fdm z\u00e1kazn\u00edk\u016fm poskytovali dal\u0161\u00ed \u0159adu let.<\/p>\n\n\n\n<p>S pozdravem&nbsp;<\/p>\n\n\n\n<p>      PN Optik &#8211; Pavel Navr\u00e1til&nbsp;<\/p>\n","protected":false},"excerpt":{"rendered":"<p>O\u010dn\u00ed optika v p\u0159\u00edzem\u00ed Polikliniky Star\u00fd L\u00edskovec poskytuje kvalitn\u00ed slu\u017eby j\u00ed\u017e mnoho let. Osobn\u00edm a vst\u0159\u00edcn\u00fdm p\u0159\u00edstupem se v\u017edy sna\u017eila [&hellip;]<\/p>\n","protected":false},"author":1,"featured_media":0,"parent":0,"menu_order":0,"comment_status":"closed","ping_status":"closed","template":"","meta":{"site-sidebar-layout":"default","site-content-layout":"","ast-site-content-layout":"","site-content-style":"default","site-sidebar-style":"default","ast-global-header-display":"","ast-banner-title-visibility":"","ast-main-header-display":"","ast-hfb-above-header-display":"","ast-hfb-below-header-display":"","ast-hfb-mobile-header-display":"","site-post-title":"","ast-breadcrumbs-content":"","ast-featured-img":"","footer-sml-layout":"","theme-transparent-header-meta":"","adv-header-id-meta":"","stick-header-meta":"","header-above-stick-meta":"","header-main-stick-meta":"","header-below-stick-meta":"","astra-migrate-meta-layouts":"default","ast-page-background-enabled":"default","ast-page-background-meta":{"desktop":{"background-color":"var(--ast-global-color-4)","background-image":"","background-repeat":"repeat","background-position":"center center","background-size":"auto","background-attachment":"scroll","background-type":"","background-media":"","overlay-type":"","overlay-color":"","overlay-opacity":"","overlay-gradient":""},"tablet":{"background-color":"","background-image":"","background-repeat":"repeat","background-position":"center center","background-size":"auto","background-attachment":"scroll","background-type":"","background-media":"","overlay-type":"","overlay-color":"","overlay-opacity":"","overlay-gradient":""},"mobile":{"background-color":"","background-image":"","background-repeat":"repeat","background-position":"center center","background-size":"auto","background-attachment":"scroll","background-type":"","background-media":"","overlay-type":"","overlay-color":"","overlay-opacity":"","overlay-gradient":""}},"ast-content-background-meta":{"desktop":{"background-color":"var(--ast-global-color-5)","background-image":"","background-repeat":"repeat","background-position":"center center","background-size":"auto","background-attachment":"scroll","background-type":"","background-media":"","overlay-type":"","overlay-color":"","overlay-opacity":"","overlay-gradient":""},"tablet":{"background-color":"var(--ast-global-color-5)","background-image":"","background-repeat":"repeat","background-position":"center center","background-size":"auto","background-attachment":"scroll","background-type":"","background-media":"","overlay-type":"","overlay-color":"","overlay-opacity":"","overlay-gradient":""},"mobile":{"background-color":"var(--ast-global-color-5)","background-image":"","background-repeat":"repeat","background-position":"center center","background-size":"auto","background-attachment":"scroll","background-type":"","background-media":"","overlay-type":"","overlay-color":"","overlay-opacity":"","overlay-gradient":""}},"footnotes":""},"class_list":["post-78","page","type-page","status-publish","hentry"],"_links":{"self":[{"href":"https:\/\/www.pnoptik.cz\/index.php?rest_route=\/wp\/v2\/pages\/78","targetHints":{"allow":["GET"]}}],"collection":[{"href":"https:\/\/www.pnoptik.cz\/index.php?rest_route=\/wp\/v2\/pages"}],"about":[{"href":"https:\/\/www.pnoptik.cz\/index.php?rest_route=\/wp\/v2\/types\/page"}],"author":[{"embeddable":true,"href":"https:\/\/www.pnoptik.cz\/index.php?rest_route=\/wp\/v2\/users\/1"}],"replies":[{"embeddable":true,"href":"https:\/\/www.pnoptik.cz\/index.php?rest_route=%2Fwp%2Fv2%2Fcomments&post=78"}],"version-history":[{"count":7,"href":"https:\/\/www.pnoptik.cz\/index.php?rest_route=\/wp\/v2\/pages\/78\/revisions"}],"predecessor-version":[{"id":100,"href":"https:\/\/www.pnoptik.cz\/index.php?rest_route=\/wp\/v2\/pages\/78\/revisions\/100"}],"wp:attachment":[{"href":"https:\/\/www.pnoptik.cz\/index.php?rest_route=%2Fwp%2Fv2%2Fmedia&parent=78"}],"curies":[{"name":"wp","href":"https:\/\/api.w.org\/{rel}","templated":true}]}}