{"id":17,"date":"2024-12-28T12:29:23","date_gmt":"2024-12-28T12:29:23","guid":{"rendered":"https:\/\/www.pnoptik.cz\/?page_id=17"},"modified":"2026-04-30T07:16:22","modified_gmt":"2026-04-30T07:16:22","slug":"domu","status":"publish","type":"page","link":"https:\/\/www.pnoptik.cz\/","title":{"rendered":"Dom\u016f"},"content":{"rendered":"\n<div class=\"wp-block-cover alignfull is-light\" style=\"min-height:720px;aspect-ratio:unset;\"><span aria-hidden=\"true\" class=\"wp-block-cover__background has-background-dim-100 has-background-dim has-background-gradient\" style=\"background:linear-gradient(35deg,rgb(6,0,151) 0%,rgb(130,4,255) 73%,rgb(193,15,255) 100%)\"><\/span><div class=\"wp-block-cover__inner-container is-layout-flow wp-block-cover-is-layout-flow\">\n<div class=\"inherit-container-width wp-block-group alignwide is-layout-constrained wp-block-group-is-layout-constrained\">\n<div class=\"wp-block-media-text alignwide has-media-on-the-right is-stacked-on-mobile is-vertically-aligned-center\" style=\"grid-template-columns:auto 43%\"><div class=\"wp-block-media-text__content\">\n<h1 class=\"wp-block-heading has-text-align-left has-white-color has-text-color\">S n\u00e1mi uvid\u00edte!<\/h1>\n\n\n\n<p>Odborn\u00e9 vy\u0161et\u0159en\u00ed, poradenstv\u00ed, br\u00fdle na m\u00edru.<\/p>\n\n\n\n<div class=\"wp-block-buttons is-layout-flex wp-block-buttons-is-layout-flex\">\n<div class=\"wp-block-button\"><a class=\"wp-block-button__link wp-element-button\" href=\"#\">Sjednat si sch\u016fzku<\/a><\/div>\n<\/div>\n<\/div><figure class=\"wp-block-media-text__media\"><img decoding=\"async\" src=\"https:\/\/www.pnoptik.cz\/wp-content\/themes\/astra\/inc\/assets\/images\/starter-content\/hero-img.svg\" alt=\"\" class=\"wp-image-118 size-full\"\/><\/figure><\/div>\n<\/div>\n<\/div><\/div>\n\n\n\n<div class=\"wp-block-group alignfull is-layout-constrained wp-container-core-group-is-layout-45b0ac4f wp-block-group-is-layout-constrained\" id=\"services\" style=\"padding-top:144px;padding-bottom:0px\">\n<h2 class=\"wp-block-heading\">Na\u0161e slu\u017eby<\/h2>\n\n\n\n<div class=\"wp-block-columns is-layout-flex wp-container-core-columns-is-layout-60cbf9bb wp-block-columns-is-layout-flex\" style=\"margin-top:50px\">\n<div class=\"wp-block-column is-layout-flow wp-container-core-column-is-layout-6b73ce23 wp-block-column-is-layout-flow\">\n<figure class=\"wp-block-image size-full is-resized\"><img decoding=\"async\" src=\"https:\/\/www.pnoptik.cz\/wp-content\/themes\/astra\/inc\/assets\/images\/starter-content\/branding.jpg\" alt=\"\" class=\"wp-image-230\" style=\"width:238px;height:auto\"\/><\/figure>\n\n\n\n<h3 class=\"wp-block-heading\" style=\"margin-top:16px\">Br\u00fdlov\u00e9 obruby a skla<\/h3>\n\n\n\n<p>br\u00fdlov\u00e9 obruby &#8211; n\u00e1\u0161 sortiment je \u0161irok\u00fd , jak do pestrosti barev a tvar\u016f tak cenov\u00e9ho rozp\u011bt\u00ed&nbsp;<\/p>\n\n\n\n<p>br\u00fdlov\u00e1 skla &#8211; po zm\u011b\u0159en\u00ed va\u0161ich o\u010d\u00ed a v\u00fdb\u011bru obruby v\u00e1m nab\u00eddneme ide\u00e1ln\u00ed \u0159e\u0161en\u00ed pro co nejlep\u0161\u00ed komfort, estetiku a funk\u010dnost va\u0161ich br\u00fdl\u00ed<\/p>\n<\/div>\n\n\n\n<div class=\"wp-block-column is-layout-flow wp-container-core-column-is-layout-6b73ce23 wp-block-column-is-layout-flow\">\n<figure class=\"wp-block-image size-full is-resized\"><img decoding=\"async\" src=\"https:\/\/www.pnoptik.cz\/wp-content\/themes\/astra\/inc\/assets\/images\/starter-content\/graphic.jpg\" alt=\"\" class=\"wp-image-232\" style=\"width:238px;height:auto\"\/><\/figure>\n\n\n\n<h3 class=\"wp-block-heading\" style=\"margin-top:16px\">M\u011b\u0159en\u00ed, poradenstv\u00ed, n\u00e1vrhy<\/h3>\n\n\n\n<p>v na\u0161\u00ed provozovn\u011b v\u00e1m odborn\u011b zm\u011b\u0159\u00edme refrakci jak pro&nbsp; br\u00fdle do d\u00e1lky tak na \u010dten\u00ed<\/p>\n\n\n\n<p>s v\u00fdb\u011brem br\u00fdl\u00ed v\u00e1m v\u017edy porad\u00edme<\/p>\n\n\n\n<p>zhotov\u00edme v\u00e1m br\u00fdle do d\u00e1lky, na \u010dten\u00ed, na \u0159\u00edzen\u00ed automobilu, k pr\u00e1ci u po\u010d\u00edta\u010de i br\u00fdle multifok\u00e1ln\u00ed, kter\u00e9 v\u00e1m zajist\u00ed vid\u011bn\u00ed na v\u0161echny vzd\u00e1lenosti&nbsp;&nbsp;&nbsp;<\/p>\n<\/div>\n\n\n\n<div class=\"wp-block-column is-layout-flow wp-container-core-column-is-layout-6b73ce23 wp-block-column-is-layout-flow\">\n<figure class=\"wp-block-image size-full is-resized\"><img decoding=\"async\" src=\"https:\/\/www.pnoptik.cz\/wp-content\/themes\/astra\/inc\/assets\/images\/starter-content\/web.jpg\" alt=\"\" class=\"wp-image-231\" style=\"width:243px;height:auto\"\/><\/figure>\n\n\n\n<h3 class=\"wp-block-heading\" style=\"margin-top:16px\">Servis<\/h3>\n\n\n\n<p>vyzvednut\u00edm va\u0161ich br\u00fdl\u00ed na\u0161e slu\u017eby nekon\u010d\u00ed<\/p>\n\n\n\n<p>drobn\u00e9 opravy a \u00fapravy maj\u00ed na\u0161i z\u00e1kazn\u00edci zdarma, samoz\u0159ejmost\u00ed je i vy\u010di\u0161t\u011bn\u00ed ultrazvukem<\/p>\n\n\n\n<p>prov\u00e1d\u00edme tak\u00e9 poz\u00e1ru\u010dn\u00ed opravy&nbsp;<\/p>\n<\/div>\n<\/div>\n\n\n\n<p><\/p>\n<\/div>\n\n\n\n<div class=\"wp-block-group alignfull has-ast-global-color-5-background-color has-background is-layout-constrained wp-container-core-group-is-layout-94d206d0 wp-block-group-is-layout-constrained\" id=\"about\" style=\"padding-top:143px;padding-bottom:144px\">\n<div class=\"wp-block-media-text has-media-on-the-right is-stacked-on-mobile is-vertically-aligned-center\"><div class=\"wp-block-media-text__content\">\n<div class=\"inherit-container-width wp-block-group is-layout-constrained wp-container-core-group-is-layout-47ce07ec wp-block-group-is-layout-constrained\" style=\"padding-right:80px\">\n<h2 class=\"wp-block-heading\" style=\"padding-right:40px\">Nab\u00edz\u00edme<\/h2>\n\n\n\n<p>\u0161irok\u00e9 portfolio zna\u010dek na\u0161ich partner\u016f, mimo jin\u00e9 nap\u0159. Essilor, Carl Zeiss, Optika \u010civice, Saggitta, Sover, Okula N\u00fdrsko, Mr.Gain a mnoh\u00e9 dal\u0161\u00ed.<\/p>\n\n\n\n<p><\/p>\n<\/div>\n<\/div><figure class=\"wp-block-media-text__media\"><img loading=\"lazy\" decoding=\"async\" width=\"1000\" height=\"750\" src=\"http:\/\/www.pnoptik.cz\/wp-content\/uploads\/2024\/12\/IMG_20241115_121019.jpg\" alt=\"\" class=\"wp-image-52 size-full\" srcset=\"https:\/\/www.pnoptik.cz\/wp-content\/uploads\/2024\/12\/IMG_20241115_121019.jpg 1000w, https:\/\/www.pnoptik.cz\/wp-content\/uploads\/2024\/12\/IMG_20241115_121019-300x225.jpg 300w, https:\/\/www.pnoptik.cz\/wp-content\/uploads\/2024\/12\/IMG_20241115_121019-768x576.jpg 768w\" sizes=\"auto, (max-width: 1000px) 100vw, 1000px\" \/><\/figure><\/div>\n<\/div>\n\n\n\n<div class=\"wp-block-group alignwide is-layout-constrained wp-block-group-is-layout-constrained\">\n<figure class=\"wp-block-gallery alignwide has-nested-images columns-default is-cropped wp-block-gallery-1 is-layout-flex wp-block-gallery-is-layout-flex\">\n<figure class=\"wp-block-image size-large\"><img loading=\"lazy\" decoding=\"async\" width=\"1000\" height=\"750\" data-id=\"51\" src=\"https:\/\/www.pnoptik.cz\/wp-content\/uploads\/2024\/12\/IMG_20241115_120939.jpg\" alt=\"\" class=\"wp-image-51\" srcset=\"https:\/\/www.pnoptik.cz\/wp-content\/uploads\/2024\/12\/IMG_20241115_120939.jpg 1000w, https:\/\/www.pnoptik.cz\/wp-content\/uploads\/2024\/12\/IMG_20241115_120939-300x225.jpg 300w, https:\/\/www.pnoptik.cz\/wp-content\/uploads\/2024\/12\/IMG_20241115_120939-768x576.jpg 768w\" sizes=\"auto, (max-width: 1000px) 100vw, 1000px\" \/><\/figure>\n\n\n\n<figure class=\"wp-block-image size-large\"><img loading=\"lazy\" decoding=\"async\" width=\"1000\" height=\"750\" data-id=\"50\" src=\"https:\/\/www.pnoptik.cz\/wp-content\/uploads\/2024\/12\/IMG_20241115_120915.jpg\" alt=\"\" class=\"wp-image-50\" srcset=\"https:\/\/www.pnoptik.cz\/wp-content\/uploads\/2024\/12\/IMG_20241115_120915.jpg 1000w, https:\/\/www.pnoptik.cz\/wp-content\/uploads\/2024\/12\/IMG_20241115_120915-300x225.jpg 300w, https:\/\/www.pnoptik.cz\/wp-content\/uploads\/2024\/12\/IMG_20241115_120915-768x576.jpg 768w\" sizes=\"auto, (max-width: 1000px) 100vw, 1000px\" \/><\/figure>\n\n\n\n<figure class=\"wp-block-image size-large\"><img loading=\"lazy\" decoding=\"async\" width=\"1000\" height=\"750\" data-id=\"49\" src=\"https:\/\/www.pnoptik.cz\/wp-content\/uploads\/2024\/12\/IMG_20241115_120835.jpg\" alt=\"\" class=\"wp-image-49\" srcset=\"https:\/\/www.pnoptik.cz\/wp-content\/uploads\/2024\/12\/IMG_20241115_120835.jpg 1000w, https:\/\/www.pnoptik.cz\/wp-content\/uploads\/2024\/12\/IMG_20241115_120835-300x225.jpg 300w, https:\/\/www.pnoptik.cz\/wp-content\/uploads\/2024\/12\/IMG_20241115_120835-768x576.jpg 768w\" sizes=\"auto, (max-width: 1000px) 100vw, 1000px\" \/><\/figure>\n\n\n\n<figure class=\"wp-block-image size-large\"><img loading=\"lazy\" decoding=\"async\" width=\"750\" height=\"1000\" data-id=\"45\" src=\"https:\/\/www.pnoptik.cz\/wp-content\/uploads\/2024\/12\/IMG_20241115_124921.jpg\" alt=\"\" class=\"wp-image-45\" srcset=\"https:\/\/www.pnoptik.cz\/wp-content\/uploads\/2024\/12\/IMG_20241115_124921.jpg 750w, https:\/\/www.pnoptik.cz\/wp-content\/uploads\/2024\/12\/IMG_20241115_124921-225x300.jpg 225w\" sizes=\"auto, (max-width: 750px) 100vw, 750px\" \/><\/figure>\n\n\n\n<figure class=\"wp-block-image size-large\"><img loading=\"lazy\" decoding=\"async\" width=\"750\" height=\"1000\" data-id=\"44\" src=\"https:\/\/www.pnoptik.cz\/wp-content\/uploads\/2024\/12\/IMG_20241115_124906.jpg\" alt=\"\" class=\"wp-image-44\" srcset=\"https:\/\/www.pnoptik.cz\/wp-content\/uploads\/2024\/12\/IMG_20241115_124906.jpg 750w, https:\/\/www.pnoptik.cz\/wp-content\/uploads\/2024\/12\/IMG_20241115_124906-225x300.jpg 225w\" sizes=\"auto, (max-width: 750px) 100vw, 750px\" \/><\/figure>\n\n\n\n<figure class=\"wp-block-image size-large\"><img loading=\"lazy\" decoding=\"async\" width=\"1000\" height=\"750\" data-id=\"42\" src=\"https:\/\/www.pnoptik.cz\/wp-content\/uploads\/2024\/12\/IMG_20241115_123751.jpg\" alt=\"\" class=\"wp-image-42\" srcset=\"https:\/\/www.pnoptik.cz\/wp-content\/uploads\/2024\/12\/IMG_20241115_123751.jpg 1000w, https:\/\/www.pnoptik.cz\/wp-content\/uploads\/2024\/12\/IMG_20241115_123751-300x225.jpg 300w, https:\/\/www.pnoptik.cz\/wp-content\/uploads\/2024\/12\/IMG_20241115_123751-768x576.jpg 768w\" sizes=\"auto, (max-width: 1000px) 100vw, 1000px\" \/><\/figure>\n\n\n\n<figure class=\"wp-block-image size-large\"><img loading=\"lazy\" decoding=\"async\" width=\"1000\" height=\"750\" data-id=\"41\" src=\"https:\/\/www.pnoptik.cz\/wp-content\/uploads\/2024\/12\/IMG_20241115_123517.jpg\" alt=\"\" class=\"wp-image-41\" srcset=\"https:\/\/www.pnoptik.cz\/wp-content\/uploads\/2024\/12\/IMG_20241115_123517.jpg 1000w, https:\/\/www.pnoptik.cz\/wp-content\/uploads\/2024\/12\/IMG_20241115_123517-300x225.jpg 300w, https:\/\/www.pnoptik.cz\/wp-content\/uploads\/2024\/12\/IMG_20241115_123517-768x576.jpg 768w\" sizes=\"auto, (max-width: 1000px) 100vw, 1000px\" \/><\/figure>\n\n\n\n<figure class=\"wp-block-image size-large\"><img loading=\"lazy\" decoding=\"async\" width=\"1000\" height=\"750\" data-id=\"40\" src=\"https:\/\/www.pnoptik.cz\/wp-content\/uploads\/2024\/12\/IMG_20241115_123418.jpg\" alt=\"\" class=\"wp-image-40\" srcset=\"https:\/\/www.pnoptik.cz\/wp-content\/uploads\/2024\/12\/IMG_20241115_123418.jpg 1000w, https:\/\/www.pnoptik.cz\/wp-content\/uploads\/2024\/12\/IMG_20241115_123418-300x225.jpg 300w, https:\/\/www.pnoptik.cz\/wp-content\/uploads\/2024\/12\/IMG_20241115_123418-768x576.jpg 768w\" sizes=\"auto, (max-width: 1000px) 100vw, 1000px\" \/><\/figure>\n\n\n\n<figure class=\"wp-block-image size-large\"><img loading=\"lazy\" decoding=\"async\" width=\"1000\" height=\"750\" data-id=\"38\" src=\"https:\/\/www.pnoptik.cz\/wp-content\/uploads\/2024\/12\/IMG_20241115_123141.jpg\" alt=\"\" class=\"wp-image-38\" srcset=\"https:\/\/www.pnoptik.cz\/wp-content\/uploads\/2024\/12\/IMG_20241115_123141.jpg 1000w, https:\/\/www.pnoptik.cz\/wp-content\/uploads\/2024\/12\/IMG_20241115_123141-300x225.jpg 300w, https:\/\/www.pnoptik.cz\/wp-content\/uploads\/2024\/12\/IMG_20241115_123141-768x576.jpg 768w\" sizes=\"auto, (max-width: 1000px) 100vw, 1000px\" \/><\/figure>\n\n\n\n<figure class=\"wp-block-image size-large\"><img loading=\"lazy\" decoding=\"async\" width=\"1000\" height=\"750\" data-id=\"39\" src=\"https:\/\/www.pnoptik.cz\/wp-content\/uploads\/2024\/12\/IMG_20241115_123302.jpg\" alt=\"\" class=\"wp-image-39\" srcset=\"https:\/\/www.pnoptik.cz\/wp-content\/uploads\/2024\/12\/IMG_20241115_123302.jpg 1000w, https:\/\/www.pnoptik.cz\/wp-content\/uploads\/2024\/12\/IMG_20241115_123302-300x225.jpg 300w, https:\/\/www.pnoptik.cz\/wp-content\/uploads\/2024\/12\/IMG_20241115_123302-768x576.jpg 768w\" sizes=\"auto, (max-width: 1000px) 100vw, 1000px\" \/><\/figure>\n\n\n\n<figure class=\"wp-block-image size-large\"><img loading=\"lazy\" decoding=\"async\" width=\"1000\" height=\"750\" data-id=\"37\" src=\"https:\/\/www.pnoptik.cz\/wp-content\/uploads\/2024\/12\/IMG_20241115_123005_BURST001_COVER.jpg\" alt=\"\" class=\"wp-image-37\" srcset=\"https:\/\/www.pnoptik.cz\/wp-content\/uploads\/2024\/12\/IMG_20241115_123005_BURST001_COVER.jpg 1000w, https:\/\/www.pnoptik.cz\/wp-content\/uploads\/2024\/12\/IMG_20241115_123005_BURST001_COVER-300x225.jpg 300w, https:\/\/www.pnoptik.cz\/wp-content\/uploads\/2024\/12\/IMG_20241115_123005_BURST001_COVER-768x576.jpg 768w\" sizes=\"auto, (max-width: 1000px) 100vw, 1000px\" \/><\/figure>\n\n\n\n<figure class=\"wp-block-image size-large\"><img loading=\"lazy\" decoding=\"async\" width=\"1000\" height=\"750\" data-id=\"35\" src=\"https:\/\/www.pnoptik.cz\/wp-content\/uploads\/2024\/12\/IMG_20241115_121057.jpg\" alt=\"\" class=\"wp-image-35\" srcset=\"https:\/\/www.pnoptik.cz\/wp-content\/uploads\/2024\/12\/IMG_20241115_121057.jpg 1000w, https:\/\/www.pnoptik.cz\/wp-content\/uploads\/2024\/12\/IMG_20241115_121057-300x225.jpg 300w, https:\/\/www.pnoptik.cz\/wp-content\/uploads\/2024\/12\/IMG_20241115_121057-768x576.jpg 768w\" sizes=\"auto, (max-width: 1000px) 100vw, 1000px\" \/><\/figure>\n\n\n\n<figure class=\"wp-block-image size-large\"><img loading=\"lazy\" decoding=\"async\" width=\"1000\" height=\"750\" data-id=\"36\" src=\"https:\/\/www.pnoptik.cz\/wp-content\/uploads\/2024\/12\/IMG_20241115_122807.jpg\" alt=\"\" class=\"wp-image-36\" srcset=\"https:\/\/www.pnoptik.cz\/wp-content\/uploads\/2024\/12\/IMG_20241115_122807.jpg 1000w, https:\/\/www.pnoptik.cz\/wp-content\/uploads\/2024\/12\/IMG_20241115_122807-300x225.jpg 300w, https:\/\/www.pnoptik.cz\/wp-content\/uploads\/2024\/12\/IMG_20241115_122807-768x576.jpg 768w\" sizes=\"auto, (max-width: 1000px) 100vw, 1000px\" \/><\/figure>\n<\/figure>\n<\/div>\n\n\n\n<div class=\"wp-block-group alignfull has-ast-global-color-4-background-color has-background is-layout-constrained wp-container-core-group-is-layout-6a2cfb7b wp-block-group-is-layout-constrained\" id=\"reviews\">\n<figure class=\"wp-block-image aligncenter size-full\"><img decoding=\"async\" src=\"https:\/\/www.pnoptik.cz\/wp-content\/themes\/astra\/inc\/assets\/images\/starter-content\/avatar.png\" alt=\"\" class=\"wp-image-235\"\/><\/figure>\n\n\n\n<p class=\"has-text-align-center\" style=\"font-size:22px;line-height:1.6\">\u201cProfesion\u00e1ln\u00ed slu\u017eby firmy PN optik vyu\u017e\u00edv\u00e1m ji\u017e n\u011bkolik let pro jejich odbornost a pozitivn\u00ed proz\u00e1kaznick\u00fd p\u0159\u00edstup. Mohu s klidn\u00fdm srdcem doporu\u010dit.&#8220;<\/p>\n\n\n\n<p class=\"has-text-align-center\"><strong>Karel Nov\u00e1k<\/strong><\/p>\n<\/div>\n\n\n\n<div class=\"wp-block-group alignfull is-layout-constrained wp-container-core-group-is-layout-3fee123f wp-block-group-is-layout-constrained\" id=\"whyus\" style=\"padding-top:144px;padding-bottom:144px\">\n<h2 class=\"wp-block-heading\">PN optik-Pavel Navr\u00e1til <\/h2>\n\n\n\n<div class=\"wp-block-columns is-layout-flex wp-container-core-columns-is-layout-29aadeec wp-block-columns-is-layout-flex\" style=\"margin-top:60px\">\n<div class=\"wp-block-column is-layout-flow wp-container-core-column-is-layout-6b73ce23 wp-block-column-is-layout-flow\">\n<figure class=\"wp-block-image size-large\"><img decoding=\"async\" src=\"https:\/\/www.pnoptik.cz\/wp-content\/themes\/astra\/inc\/assets\/images\/starter-content\/passionate.svg\" alt=\"\" class=\"wp-image-162\"\/><\/figure>\n\n\n\n<h3 class=\"wp-block-heading\" style=\"margin-top:16px\">Adresa:<\/h3>\n\n\n\n<p>Poliklinika Star\u00fd L\u00edskovec&nbsp;<\/p>\n\n\n\n<p>U Po\u0161ty 402\/14<\/p>\n\n\n\n<p>Brno 62500<\/p>\n\n\n\n<p>I\u010cO 21610347<\/p>\n\n\n\n<p>DI\u010c CZ7301064606<\/p>\n\n\n\n<p>s\u00eddlo firmy:<\/p>\n\n\n\n<p>V\u00edde\u0148sk\u00e1 237<\/p>\n\n\n\n<p>Brno 63900<\/p>\n<\/div>\n\n\n\n<div class=\"wp-block-column is-layout-flow wp-container-core-column-is-layout-6b73ce23 wp-block-column-is-layout-flow\">\n<figure class=\"wp-block-image size-large\"><img decoding=\"async\" src=\"https:\/\/www.pnoptik.cz\/wp-content\/themes\/astra\/inc\/assets\/images\/starter-content\/professional.svg\" alt=\"\" class=\"wp-image-163\"\/><\/figure>\n\n\n\n<h3 class=\"wp-block-heading\" style=\"margin-top:16px\">Kde n\u00e1s najdete?<\/h3>\n\n\n\n<p>O\u010dn\u00ed optika v p\u0159\u00edzem\u00ed Polikliniky Star\u00fd L\u00edskovec. <\/p>\n\n\n\n<p>Provozovna zde spolehliv\u011b poskytuje sv\u00e9 slu\u017eby v oboru ji\u017e 33 let.<\/p>\n\n\n\n<p><strong><mark style=\"background-color:rgba(0, 0, 0, 0)\" class=\"has-inline-color has-ast-global-color-8-color\"><span style=\"text-decoration: underline;\">Kontakt:<\/span><\/mark><\/strong><\/p>\n\n\n\n<p><strong>info@pnoptik.cz&nbsp;<\/strong><\/p>\n\n\n\n<p>+420 <strong><mark style=\"background-color:rgba(0, 0, 0, 0)\" class=\"has-inline-color has-ast-global-color-8-color\">604 966 782<\/mark><\/strong><\/p>\n<\/div>\n\n\n\n<div class=\"wp-block-column is-layout-flow wp-container-core-column-is-layout-6b73ce23 wp-block-column-is-layout-flow\">\n<figure class=\"wp-block-image size-large\"><img decoding=\"async\" src=\"https:\/\/www.pnoptik.cz\/wp-content\/themes\/astra\/inc\/assets\/images\/starter-content\/support.svg\" alt=\"\" class=\"wp-image-164\"\/><\/figure>\n\n\n\n<h3 class=\"wp-block-heading\" style=\"margin-top:16px\">Pracovn\u00ed doba<\/h3>\n\n\n\n<p><\/p>\n\n\n\n<p>Po <strong>8:00-17:00<\/strong><\/p>\n\n\n\n<p>\u00dat <strong>8:00-16:00<\/strong><\/p>\n\n\n\n<p>St <strong>9:00-18:00<\/strong><\/p>\n\n\n\n<p>\u010ct <strong>8:00-17:00<\/strong><\/p>\n\n\n\n<p>P\u00e1 <strong>ZAV\u0158ENO <\/strong><\/p>\n<\/div>\n<\/div>\n<\/div>\n\n\n\n<div class=\"wp-block-group alignfull has-background is-layout-constrained wp-container-core-group-is-layout-cfcca693 wp-block-group-is-layout-constrained\" id=\"contact\" style=\"background:linear-gradient(35deg,rgb(6,0,151) 0%,rgb(130,4,255) 64%,rgb(193,15,255) 98%);padding-top:104px;padding-bottom:104px\">\n<h2 class=\"wp-block-heading has-text-align-center has-text-color\" style=\"color:#ffffff\">Volejte 604 966 782 R\u00e1di V\u00e1m porad\u00edme &#8230;<\/h2>\n\n\n\n<div class=\"wp-block-buttons alignwide is-horizontal is-content-justification-center is-layout-flex wp-container-core-buttons-is-layout-bba8380a wp-block-buttons-is-layout-flex\" style=\"margin-top:50px\">\n<div class=\"wp-block-button\"><a class=\"wp-block-button__link wp-element-button\">Sjednat si sch\u016fzku<\/a><\/div>\n<\/div>\n<\/div>\n\n\n\n<p><\/p>\n","protected":false},"excerpt":{"rendered":"<p>Na\u0161e slu\u017eby Br\u00fdlov\u00e9 obruby a skla br\u00fdlov\u00e9 obruby &#8211; n\u00e1\u0161 sortiment je \u0161irok\u00fd , jak do pestrosti barev a tvar\u016f [&hellip;]<\/p>\n","protected":false},"author":1,"featured_media":0,"parent":0,"menu_order":0,"comment_status":"closed","ping_status":"closed","template":"","meta":{"site-sidebar-layout":"no-sidebar","site-content-layout":"plain-container","ast-site-content-layout":"","site-content-style":"default","site-sidebar-style":"default","ast-global-header-display":"","ast-banner-title-visibility":"","ast-main-header-display":"","ast-hfb-above-header-display":"","ast-hfb-below-header-display":"","ast-hfb-mobile-header-display":"","site-post-title":"disabled","ast-breadcrumbs-content":"","ast-featured-img":"","footer-sml-layout":"","theme-transparent-header-meta":"enabled","adv-header-id-meta":"","stick-header-meta":"","header-above-stick-meta":"","header-main-stick-meta":"","header-below-stick-meta":"","astra-migrate-meta-layouts":"default","ast-page-background-enabled":"default","ast-page-background-meta":{"desktop":{"background-color":"var(--ast-global-color-4)","background-image":"","background-repeat":"repeat","background-position":"center center","background-size":"auto","background-attachment":"scroll","background-type":"","background-media":"","overlay-type":"","overlay-color":"","overlay-opacity":"","overlay-gradient":""},"tablet":{"background-color":"","background-image":"","background-repeat":"repeat","background-position":"center center","background-size":"auto","background-attachment":"scroll","background-type":"","background-media":"","overlay-type":"","overlay-color":"","overlay-opacity":"","overlay-gradient":""},"mobile":{"background-color":"","background-image":"","background-repeat":"repeat","background-position":"center center","background-size":"auto","background-attachment":"scroll","background-type":"","background-media":"","overlay-type":"","overlay-color":"","overlay-opacity":"","overlay-gradient":""}},"ast-content-background-meta":{"desktop":{"background-color":"var(--ast-global-color-5)","background-image":"","background-repeat":"repeat","background-position":"center center","background-size":"auto","background-attachment":"scroll","background-type":"","background-media":"","overlay-type":"","overlay-color":"","overlay-opacity":"","overlay-gradient":""},"tablet":{"background-color":"var(--ast-global-color-5)","background-image":"","background-repeat":"repeat","background-position":"center center","background-size":"auto","background-attachment":"scroll","background-type":"","background-media":"","overlay-type":"","overlay-color":"","overlay-opacity":"","overlay-gradient":""},"mobile":{"background-color":"var(--ast-global-color-5)","background-image":"","background-repeat":"repeat","background-position":"center center","background-size":"auto","background-attachment":"scroll","background-type":"","background-media":"","overlay-type":"","overlay-color":"","overlay-opacity":"","overlay-gradient":""}},"footnotes":""},"class_list":["post-17","page","type-page","status-publish","hentry"],"_links":{"self":[{"href":"https:\/\/www.pnoptik.cz\/index.php?rest_route=\/wp\/v2\/pages\/17","targetHints":{"allow":["GET"]}}],"collection":[{"href":"https:\/\/www.pnoptik.cz\/index.php?rest_route=\/wp\/v2\/pages"}],"about":[{"href":"https:\/\/www.pnoptik.cz\/index.php?rest_route=\/wp\/v2\/types\/page"}],"author":[{"embeddable":true,"href":"https:\/\/www.pnoptik.cz\/index.php?rest_route=\/wp\/v2\/users\/1"}],"replies":[{"embeddable":true,"href":"https:\/\/www.pnoptik.cz\/index.php?rest_route=%2Fwp%2Fv2%2Fcomments&post=17"}],"version-history":[{"count":63,"href":"https:\/\/www.pnoptik.cz\/index.php?rest_route=\/wp\/v2\/pages\/17\/revisions"}],"predecessor-version":[{"id":211,"href":"https:\/\/www.pnoptik.cz\/index.php?rest_route=\/wp\/v2\/pages\/17\/revisions\/211"}],"wp:attachment":[{"href":"https:\/\/www.pnoptik.cz\/index.php?rest_route=%2Fwp%2Fv2%2Fmedia&parent=17"}],"curies":[{"name":"wp","href":"https:\/\/api.w.org\/{rel}","templated":true}]}}